{"id":1476,"date":"2022-05-05T13:08:49","date_gmt":"2022-05-05T11:08:49","guid":{"rendered":"https:\/\/brendjordsbyen.no\/?page_id=1476"},"modified":"2022-08-26T10:14:19","modified_gmt":"2022-08-26T08:14:19","slug":"stabburet","status":"publish","type":"page","link":"https:\/\/brendjordsbyen.no\/en\/accomodation-on-the-farm\/stabburet\/","title":{"rendered":"Stabburet"},"content":{"rendered":"\n<figure class=\"wp-block-image size-large\"><img loading=\"lazy\" decoding=\"async\" width=\"1024\" height=\"683\" src=\"https:\/\/brendjordsbyen.no\/wp-content\/uploads\/2022\/06\/IMG_5690-1024x683.jpg\" alt=\"Bellestugu og Stabburet p\u00e5 Brendjordsbyen p\u00e5 Lesja.\" class=\"wp-image-986\" srcset=\"https:\/\/brendjordsbyen.no\/wp-content\/uploads\/2022\/06\/IMG_5690-1024x683.jpg 1024w, https:\/\/brendjordsbyen.no\/wp-content\/uploads\/2022\/06\/IMG_5690-300x200.jpg 300w, https:\/\/brendjordsbyen.no\/wp-content\/uploads\/2022\/06\/IMG_5690-768x512.jpg 768w, https:\/\/brendjordsbyen.no\/wp-content\/uploads\/2022\/06\/IMG_5690-1536x1024.jpg 1536w, https:\/\/brendjordsbyen.no\/wp-content\/uploads\/2022\/06\/IMG_5690-500x333.jpg 500w, https:\/\/brendjordsbyen.no\/wp-content\/uploads\/2022\/06\/IMG_5690.jpg 1999w\" sizes=\"auto, (max-width: 1024px) 100vw, 1024px\" \/><figcaption>Photo: Augeblikk studio<\/figcaption><\/figure>\n\n\n\n<div style=\"height:25px\" aria-hidden=\"true\" class=\"wp-block-spacer\"><\/div>\n\n\n\n<div class=\"wp-block-columns is-layout-flex wp-container-core-columns-is-layout-9d6595d7 wp-block-columns-is-layout-flex\">\n<div class=\"wp-block-column is-layout-flow wp-block-column-is-layout-flow\" style=\"flex-basis:15%\">\n<p><\/p>\n<\/div>\n\n\n\n<div class=\"wp-block-column is-layout-flow wp-block-column-is-layout-flow\" style=\"flex-basis:66.66%\">\n<p style=\"font-size:25px\"><strong>Rooms and beds at Stabburet<\/strong><\/p>\n\n\n\n<div style=\"height:18px\" aria-hidden=\"true\" class=\"wp-block-spacer\"><\/div>\n\n\n\n<p class=\"has-medium-font-size\"><strong>First floor:<\/strong><\/p>\n\n\n\n<p>Dining room with kitchenette. Refrigerator and oven. Bathroom with shower. <\/p>\n\n\n\n<p><\/p>\n\n\n\n<div style=\"height:36px\" aria-hidden=\"true\" class=\"wp-block-spacer\"><\/div>\n\n\n\n<p class=\"has-medium-font-size\"><strong>Second floor:<\/strong><\/p>\n\n\n\n<p>Bedroom with a double bed and four single beds, all 190 cm long. The four single beds are built into the wall and are very popular to children.<\/p>\n\n\n\n<p>An external staircase runs between the floors of the building. Renting &#8220;Stabburet&#8221; gives exclusive access to the entire building with a total of six beds, a kitchen, a living room, and a bathroom.<\/p>\n\n\n\n<p><\/p>\n\n\n\n<div style=\"height:36px\" aria-hidden=\"true\" class=\"wp-block-spacer\"><\/div>\n\n\n\n<p><\/p>\n\n\n\n<p><strong>Welcome!<\/strong><\/p>\n<\/div>\n<\/div>\n\n\n\n<div class=\"wp-block-columns is-layout-flex wp-container-core-columns-is-layout-9d6595d7 wp-block-columns-is-layout-flex\">\n<div class=\"wp-block-column is-layout-flow wp-block-column-is-layout-flow\" style=\"flex-basis:15%\">\n<p><\/p>\n<\/div>\n\n\n\n<div class=\"wp-block-column is-layout-flow wp-block-column-is-layout-flow\" style=\"flex-basis:66.66%\">\n<figure class=\"wp-block-image size-full is-resized\"><img loading=\"lazy\" decoding=\"async\" src=\"https:\/\/brendjordsbyen.no\/wp-content\/uploads\/2022\/06\/Stabburet_3-1.jpeg\" alt=\"Spiseplass for fire i Stabburet p\u00e5 Brendjordsbyen p\u00e5 Lesja.\" class=\"wp-image-917\" width=\"678\" height=\"509\" srcset=\"https:\/\/brendjordsbyen.no\/wp-content\/uploads\/2022\/06\/Stabburet_3-1.jpeg 640w, https:\/\/brendjordsbyen.no\/wp-content\/uploads\/2022\/06\/Stabburet_3-1-300x225.jpeg 300w, https:\/\/brendjordsbyen.no\/wp-content\/uploads\/2022\/06\/Stabburet_3-1-500x375.jpeg 500w\" sizes=\"auto, (max-width: 678px) 100vw, 678px\" \/><figcaption>1st floor<\/figcaption><\/figure>\n<\/div>\n<\/div>\n\n\n\n<div style=\"height:50px\" aria-hidden=\"true\" class=\"wp-block-spacer\"><\/div>\n\n\n\n<div class=\"wp-block-columns is-layout-flex wp-container-core-columns-is-layout-9d6595d7 wp-block-columns-is-layout-flex\">\n<div class=\"wp-block-column is-layout-flow wp-block-column-is-layout-flow\">\n<figure class=\"wp-block-image size-full\"><img loading=\"lazy\" decoding=\"async\" width=\"480\" height=\"640\" src=\"https:\/\/brendjordsbyen.no\/wp-content\/uploads\/2022\/06\/Stabburet-1.jpeg\" alt=\"K\u00f8yesenger og dobbeltseng i Stabburet p\u00e5 Brendjordsbyen p\u00e5 Lesja.\" class=\"wp-image-920\" srcset=\"https:\/\/brendjordsbyen.no\/wp-content\/uploads\/2022\/06\/Stabburet-1.jpeg 480w, https:\/\/brendjordsbyen.no\/wp-content\/uploads\/2022\/06\/Stabburet-1-225x300.jpeg 225w, https:\/\/brendjordsbyen.no\/wp-content\/uploads\/2022\/06\/Stabburet-1-375x500.jpeg 375w\" sizes=\"auto, (max-width: 480px) 100vw, 480px\" \/><\/figure>\n\n\n\n<p style=\"font-size:14px\">2nd floor<\/p>\n<\/div>\n\n\n\n<div class=\"wp-block-column is-layout-flow wp-block-column-is-layout-flow\">\n<div style=\"height:100px\" aria-hidden=\"true\" class=\"wp-block-spacer\"><\/div>\n\n\n\n<p style=\"font-size:14px\"><br><\/p>\n\n\n\n<figure class=\"wp-block-image size-full\"><img loading=\"lazy\" decoding=\"async\" width=\"480\" height=\"640\" src=\"https:\/\/brendjordsbyen.no\/wp-content\/uploads\/2022\/06\/Stabburet_2-rotated.jpeg\" alt=\"Tallerkenhylle og kopper p\u00e5 Brendjordsbyen p\u00e5 Lesja.\" class=\"wp-image-910\" srcset=\"https:\/\/brendjordsbyen.no\/wp-content\/uploads\/2022\/06\/Stabburet_2-rotated.jpeg 480w, https:\/\/brendjordsbyen.no\/wp-content\/uploads\/2022\/06\/Stabburet_2-225x300.jpeg 225w, https:\/\/brendjordsbyen.no\/wp-content\/uploads\/2022\/06\/Stabburet_2-375x500.jpeg 375w\" sizes=\"auto, (max-width: 480px) 100vw, 480px\" \/><\/figure>\n\n\n\n<p style=\"font-size:14px\">Kitchen<\/p>\n<\/div>\n<\/div>\n\n\n\n<div style=\"height:56px\" aria-hidden=\"true\" class=\"wp-block-spacer\"><\/div>\n\n\n\n<hr class=\"wp-block-separator has-alpha-channel-opacity is-style-default\"\/>\n\n\n\n<div style=\"height:21px\" aria-hidden=\"true\" class=\"wp-block-spacer\"><\/div>\n\n\n\n<p class=\"has-text-align-center\">&#8220;An incredibly cozy storehouse that we accidentally stumbled upon online. We could tell by the pictures that it was a cozy place, but that yard exceeded all of our expectations. The crowning achievement was waking up to freshly baked bread and fresh cinnamon rolls. Absolutely delicious!&#8221;<\/p>\n\n\n\n<p class=\"has-text-align-center\">Johanna, Hans, Christine og Lars Roar<\/p>\n\n\n\n<p><\/p>\n\n\n\n<div style=\"height:20px\" aria-hidden=\"true\" class=\"wp-block-spacer\"><\/div>\n\n\n\n<hr class=\"wp-block-separator has-alpha-channel-opacity is-style-default\"\/>\n\n\n\n<div style=\"height:70px\" aria-hidden=\"true\" class=\"wp-block-spacer\"><\/div>\n\n\n\n<div class=\"wp-block-columns is-layout-flex wp-container-core-columns-is-layout-9d6595d7 wp-block-columns-is-layout-flex\">\n<div class=\"wp-block-column is-layout-flow wp-block-column-is-layout-flow\" style=\"flex-basis:15%\"><\/div>\n<\/div>\n\n\n\n<div class=\"wp-block-cover alignfull\" style=\"min-height:581px;aspect-ratio:unset;\"><span aria-hidden=\"true\" class=\"wp-block-cover__background has-background-dim-40 has-background-dim\"><\/span><img loading=\"lazy\" decoding=\"async\" width=\"2000\" height=\"1334\" class=\"wp-block-cover__image-background wp-image-43\" alt=\"\" src=\"https:\/\/brendjordsbyen.no\/wp-content\/uploads\/2022\/01\/rom-web-27.jpg\" style=\"object-position:54% 70%\" data-object-fit=\"cover\" data-object-position=\"54% 70%\" srcset=\"https:\/\/brendjordsbyen.no\/wp-content\/uploads\/2022\/01\/rom-web-27.jpg 2000w, https:\/\/brendjordsbyen.no\/wp-content\/uploads\/2022\/01\/rom-web-27-300x200.jpg 300w, https:\/\/brendjordsbyen.no\/wp-content\/uploads\/2022\/01\/rom-web-27-1024x683.jpg 1024w, https:\/\/brendjordsbyen.no\/wp-content\/uploads\/2022\/01\/rom-web-27-768x512.jpg 768w, https:\/\/brendjordsbyen.no\/wp-content\/uploads\/2022\/01\/rom-web-27-1536x1025.jpg 1536w, https:\/\/brendjordsbyen.no\/wp-content\/uploads\/2022\/01\/rom-web-27-500x334.jpg 500w\" sizes=\"auto, (max-width: 2000px) 100vw, 2000px\" \/><div class=\"wp-block-cover__inner-container is-layout-flow wp-block-cover-is-layout-flow\">\n<h5 class=\"has-text-align-center has-white-color has-text-color wp-block-heading\" style=\"font-size:50px;font-style:normal;font-weight:500;text-transform:capitalize\">Stabburet<\/h5>\n\n\n\n<div class=\"wp-block-columns is-layout-flex wp-container-core-columns-is-layout-9d6595d7 wp-block-columns-is-layout-flex\">\n<div class=\"wp-block-column is-layout-flow wp-block-column-is-layout-flow\">\n<div class=\"wp-block-buttons alignwide is-content-justification-center is-layout-flex wp-container-core-buttons-is-layout-16018d1d wp-block-buttons-is-layout-flex\">\n<div class=\"wp-block-button\"><a class=\"wp-block-button__link\" href=\"https:\/\/online.bookvisit.com\/accommodation\/room-details?channelId=fe2a8fd7-8fcf-4f25-8fa9-ea6b160f89fc&amp;roomId=0dfc3ae0-b811-4be5-bfd2-113cac24903b\" target=\"_blank\" rel=\"noreferrer noopener\">Book Stabburet<\/a><\/div>\n<\/div>\n<\/div>\n<\/div>\n\n\n\n<div class=\"wp-block-columns is-layout-flex wp-container-core-columns-is-layout-9d6595d7 wp-block-columns-is-layout-flex\">\n<div class=\"wp-block-column is-layout-flow wp-block-column-is-layout-flow\"><\/div>\n\n\n\n<div class=\"wp-block-column is-layout-flow wp-block-column-is-layout-flow\"><\/div>\n<\/div>\n\n\n\n<div class=\"wp-block-columns alignwide is-layout-flex wp-container-core-columns-is-layout-9d6595d7 wp-block-columns-is-layout-flex\">\n<div class=\"wp-block-column is-layout-flow wp-block-column-is-layout-flow\"><\/div>\n<\/div>\n<\/div><\/div>\n","protected":false},"excerpt":{"rendered":"<p>Rooms and beds at Stabburet First floor: Dining room with kitchenette. Refrigerator and oven. Bathroom with shower. Second floor: Bedroom &#8230;<\/p>\n","protected":false},"author":1,"featured_media":0,"parent":1469,"menu_order":0,"comment_status":"closed","ping_status":"closed","template":"","meta":{"_acf_changed":false,"inline_featured_image":false,"footnotes":""},"class_list":["post-1476","page","type-page","status-publish","hentry"],"acf":[],"yoast_head":"<!-- This site is optimized with the Yoast SEO plugin v27.1.1 - https:\/\/yoast.com\/product\/yoast-seo-wordpress\/ -->\n<title>Stabburet - Brendjordsbyen<\/title>\n<meta name=\"robots\" content=\"index, follow, max-snippet:-1, max-image-preview:large, max-video-preview:-1\" \/>\n<link rel=\"canonical\" href=\"https:\/\/brendjordsbyen.no\/en\/accomodation-on-the-farm\/stabburet\/\" \/>\n<meta property=\"og:locale\" content=\"en_US\" \/>\n<meta property=\"og:type\" content=\"article\" \/>\n<meta property=\"og:title\" content=\"Stabburet - Brendjordsbyen\" \/>\n<meta property=\"og:description\" content=\"Rooms and beds at Stabburet First floor: Dining room with kitchenette. Refrigerator and oven. Bathroom with shower. Second floor: Bedroom ...\" \/>\n<meta property=\"og:url\" content=\"https:\/\/brendjordsbyen.no\/en\/accomodation-on-the-farm\/stabburet\/\" \/>\n<meta property=\"og:site_name\" content=\"Brendjordsbyen\" \/>\n<meta property=\"article:modified_time\" content=\"2022-08-26T08:14:19+00:00\" \/>\n<meta property=\"og:image\" content=\"https:\/\/brendjordsbyen.no\/wp-content\/uploads\/2022\/06\/IMG_5690-1024x683.jpg\" \/>\n<meta name=\"twitter:card\" content=\"summary_large_image\" \/>\n<meta name=\"twitter:label1\" content=\"Est. reading time\" \/>\n\t<meta name=\"twitter:data1\" content=\"1 minute\" \/>\n<script type=\"application\/ld+json\" class=\"yoast-schema-graph\">{\"@context\":\"https:\/\/schema.org\",\"@graph\":[{\"@type\":\"WebPage\",\"@id\":\"https:\/\/brendjordsbyen.no\/en\/accomodation-on-the-farm\/stabburet\/\",\"url\":\"https:\/\/brendjordsbyen.no\/en\/accomodation-on-the-farm\/stabburet\/\",\"name\":\"Stabburet - Brendjordsbyen\",\"isPartOf\":{\"@id\":\"https:\/\/brendjordsbyen.no\/#website\"},\"primaryImageOfPage\":{\"@id\":\"https:\/\/brendjordsbyen.no\/en\/accomodation-on-the-farm\/stabburet\/#primaryimage\"},\"image\":{\"@id\":\"https:\/\/brendjordsbyen.no\/en\/accomodation-on-the-farm\/stabburet\/#primaryimage\"},\"thumbnailUrl\":\"https:\/\/brendjordsbyen.no\/wp-content\/uploads\/2022\/06\/IMG_5690-1024x683.jpg\",\"datePublished\":\"2022-05-05T11:08:49+00:00\",\"dateModified\":\"2022-08-26T08:14:19+00:00\",\"breadcrumb\":{\"@id\":\"https:\/\/brendjordsbyen.no\/en\/accomodation-on-the-farm\/stabburet\/#breadcrumb\"},\"inLanguage\":\"en-US\",\"potentialAction\":[{\"@type\":\"ReadAction\",\"target\":[\"https:\/\/brendjordsbyen.no\/en\/accomodation-on-the-farm\/stabburet\/\"]}]},{\"@type\":\"ImageObject\",\"inLanguage\":\"en-US\",\"@id\":\"https:\/\/brendjordsbyen.no\/en\/accomodation-on-the-farm\/stabburet\/#primaryimage\",\"url\":\"https:\/\/brendjordsbyen.no\/wp-content\/uploads\/2022\/06\/IMG_5690-1024x683.jpg\",\"contentUrl\":\"https:\/\/brendjordsbyen.no\/wp-content\/uploads\/2022\/06\/IMG_5690-1024x683.jpg\"},{\"@type\":\"BreadcrumbList\",\"@id\":\"https:\/\/brendjordsbyen.no\/en\/accomodation-on-the-farm\/stabburet\/#breadcrumb\",\"itemListElement\":[{\"@type\":\"ListItem\",\"position\":1,\"name\":\"Hjem\",\"item\":\"https:\/\/brendjordsbyen.no\/en\/\"},{\"@type\":\"ListItem\",\"position\":2,\"name\":\"Accomodation on the farm\",\"item\":\"https:\/\/brendjordsbyen.no\/en\/accomodation-on-the-farm\/\"},{\"@type\":\"ListItem\",\"position\":3,\"name\":\"Stabburet\"}]},{\"@type\":\"WebSite\",\"@id\":\"https:\/\/brendjordsbyen.no\/#website\",\"url\":\"https:\/\/brendjordsbyen.no\/\",\"name\":\"Brendjordsbyen\",\"description\":\"Brendjordsbyen - gardsovernatting, selskapslokal og vedfyrt bakeri\",\"publisher\":{\"@id\":\"https:\/\/brendjordsbyen.no\/#organization\"},\"potentialAction\":[{\"@type\":\"SearchAction\",\"target\":{\"@type\":\"EntryPoint\",\"urlTemplate\":\"https:\/\/brendjordsbyen.no\/?s={search_term_string}\"},\"query-input\":{\"@type\":\"PropertyValueSpecification\",\"valueRequired\":true,\"valueName\":\"search_term_string\"}}],\"inLanguage\":\"en-US\"},{\"@type\":\"Organization\",\"@id\":\"https:\/\/brendjordsbyen.no\/#organization\",\"name\":\"Brendjordsbyen\",\"url\":\"https:\/\/brendjordsbyen.no\/\",\"logo\":{\"@type\":\"ImageObject\",\"inLanguage\":\"en-US\",\"@id\":\"https:\/\/brendjordsbyen.no\/#\/schema\/logo\/image\/\",\"url\":\"https:\/\/brendjordsbyen.no\/wp-content\/uploads\/2022\/05\/Logo_Header_Brendjordsbyen-1.svg\",\"contentUrl\":\"https:\/\/brendjordsbyen.no\/wp-content\/uploads\/2022\/05\/Logo_Header_Brendjordsbyen-1.svg\",\"caption\":\"Brendjordsbyen\"},\"image\":{\"@id\":\"https:\/\/brendjordsbyen.no\/#\/schema\/logo\/image\/\"}}]}<\/script>\n<!-- \/ Yoast SEO plugin. -->","yoast_head_json":{"title":"Stabburet - Brendjordsbyen","robots":{"index":"index","follow":"follow","max-snippet":"max-snippet:-1","max-image-preview":"max-image-preview:large","max-video-preview":"max-video-preview:-1"},"canonical":"https:\/\/brendjordsbyen.no\/en\/accomodation-on-the-farm\/stabburet\/","og_locale":"en_US","og_type":"article","og_title":"Stabburet - Brendjordsbyen","og_description":"Rooms and beds at Stabburet First floor: Dining room with kitchenette. Refrigerator and oven. Bathroom with shower. Second floor: Bedroom ...","og_url":"https:\/\/brendjordsbyen.no\/en\/accomodation-on-the-farm\/stabburet\/","og_site_name":"Brendjordsbyen","article_modified_time":"2022-08-26T08:14:19+00:00","og_image":[{"url":"https:\/\/brendjordsbyen.no\/wp-content\/uploads\/2022\/06\/IMG_5690-1024x683.jpg","type":"","width":"","height":""}],"twitter_card":"summary_large_image","twitter_misc":{"Est. reading time":"1 minute"},"schema":{"@context":"https:\/\/schema.org","@graph":[{"@type":"WebPage","@id":"https:\/\/brendjordsbyen.no\/en\/accomodation-on-the-farm\/stabburet\/","url":"https:\/\/brendjordsbyen.no\/en\/accomodation-on-the-farm\/stabburet\/","name":"Stabburet - Brendjordsbyen","isPartOf":{"@id":"https:\/\/brendjordsbyen.no\/#website"},"primaryImageOfPage":{"@id":"https:\/\/brendjordsbyen.no\/en\/accomodation-on-the-farm\/stabburet\/#primaryimage"},"image":{"@id":"https:\/\/brendjordsbyen.no\/en\/accomodation-on-the-farm\/stabburet\/#primaryimage"},"thumbnailUrl":"https:\/\/brendjordsbyen.no\/wp-content\/uploads\/2022\/06\/IMG_5690-1024x683.jpg","datePublished":"2022-05-05T11:08:49+00:00","dateModified":"2022-08-26T08:14:19+00:00","breadcrumb":{"@id":"https:\/\/brendjordsbyen.no\/en\/accomodation-on-the-farm\/stabburet\/#breadcrumb"},"inLanguage":"en-US","potentialAction":[{"@type":"ReadAction","target":["https:\/\/brendjordsbyen.no\/en\/accomodation-on-the-farm\/stabburet\/"]}]},{"@type":"ImageObject","inLanguage":"en-US","@id":"https:\/\/brendjordsbyen.no\/en\/accomodation-on-the-farm\/stabburet\/#primaryimage","url":"https:\/\/brendjordsbyen.no\/wp-content\/uploads\/2022\/06\/IMG_5690-1024x683.jpg","contentUrl":"https:\/\/brendjordsbyen.no\/wp-content\/uploads\/2022\/06\/IMG_5690-1024x683.jpg"},{"@type":"BreadcrumbList","@id":"https:\/\/brendjordsbyen.no\/en\/accomodation-on-the-farm\/stabburet\/#breadcrumb","itemListElement":[{"@type":"ListItem","position":1,"name":"Hjem","item":"https:\/\/brendjordsbyen.no\/en\/"},{"@type":"ListItem","position":2,"name":"Accomodation on the farm","item":"https:\/\/brendjordsbyen.no\/en\/accomodation-on-the-farm\/"},{"@type":"ListItem","position":3,"name":"Stabburet"}]},{"@type":"WebSite","@id":"https:\/\/brendjordsbyen.no\/#website","url":"https:\/\/brendjordsbyen.no\/","name":"Brendjordsbyen","description":"Brendjordsbyen - gardsovernatting, selskapslokal og vedfyrt bakeri","publisher":{"@id":"https:\/\/brendjordsbyen.no\/#organization"},"potentialAction":[{"@type":"SearchAction","target":{"@type":"EntryPoint","urlTemplate":"https:\/\/brendjordsbyen.no\/?s={search_term_string}"},"query-input":{"@type":"PropertyValueSpecification","valueRequired":true,"valueName":"search_term_string"}}],"inLanguage":"en-US"},{"@type":"Organization","@id":"https:\/\/brendjordsbyen.no\/#organization","name":"Brendjordsbyen","url":"https:\/\/brendjordsbyen.no\/","logo":{"@type":"ImageObject","inLanguage":"en-US","@id":"https:\/\/brendjordsbyen.no\/#\/schema\/logo\/image\/","url":"https:\/\/brendjordsbyen.no\/wp-content\/uploads\/2022\/05\/Logo_Header_Brendjordsbyen-1.svg","contentUrl":"https:\/\/brendjordsbyen.no\/wp-content\/uploads\/2022\/05\/Logo_Header_Brendjordsbyen-1.svg","caption":"Brendjordsbyen"},"image":{"@id":"https:\/\/brendjordsbyen.no\/#\/schema\/logo\/image\/"}}]}},"_links":{"self":[{"href":"https:\/\/brendjordsbyen.no\/en\/wp-json\/wp\/v2\/pages\/1476","targetHints":{"allow":["GET"]}}],"collection":[{"href":"https:\/\/brendjordsbyen.no\/en\/wp-json\/wp\/v2\/pages"}],"about":[{"href":"https:\/\/brendjordsbyen.no\/en\/wp-json\/wp\/v2\/types\/page"}],"author":[{"embeddable":true,"href":"https:\/\/brendjordsbyen.no\/en\/wp-json\/wp\/v2\/users\/1"}],"replies":[{"embeddable":true,"href":"https:\/\/brendjordsbyen.no\/en\/wp-json\/wp\/v2\/comments?post=1476"}],"version-history":[{"count":13,"href":"https:\/\/brendjordsbyen.no\/en\/wp-json\/wp\/v2\/pages\/1476\/revisions"}],"predecessor-version":[{"id":1547,"href":"https:\/\/brendjordsbyen.no\/en\/wp-json\/wp\/v2\/pages\/1476\/revisions\/1547"}],"up":[{"embeddable":true,"href":"https:\/\/brendjordsbyen.no\/en\/wp-json\/wp\/v2\/pages\/1469"}],"wp:attachment":[{"href":"https:\/\/brendjordsbyen.no\/en\/wp-json\/wp\/v2\/media?parent=1476"}],"curies":[{"name":"wp","href":"https:\/\/api.w.org\/{rel}","templated":true}]}}